{"id":992,"date":"2011-06-07T13:17:22","date_gmt":"2011-06-07T12:17:22","guid":{"rendered":"http:\/\/www.leonberger-kennel.de\/vv_home"},"modified":"2011-06-07T13:17:22","modified_gmt":"2011-06-07T12:17:22","slug":"crissy","status":"publish","type":"page","link":"http:\/\/www.leonberger-kennel.de\/vv_home\/unsere-hunde\/in-loving-memory\/crissy","title":{"rendered":"Crissy"},"content":{"rendered":"<p style=\"text-align: center;\"><strong><img loading=\"lazy\" class=\"aligncenter size-full wp-image-532\" title=\"crissy\" src=\"http:\/\/www.leonberger-kennel.de\/vv_home\/wp-content\/uploads\/2010\/11\/crissynam.jpg\" alt=\"\" width=\"500\" height=\"50\" srcset=\"http:\/\/www.leonberger-kennel.de\/vv_home\/wp-content\/uploads\/2010\/11\/crissynam.jpg 500w, http:\/\/www.leonberger-kennel.de\/vv_home\/wp-content\/uploads\/2010\/11\/crissynam-300x30.jpg 300w\" sizes=\"(max-width: 500px) 100vw, 500px\" \/><\/strong><\/p>\n<p><img loading=\"lazy\" class=\"aligncenter size-full wp-image-530\" title=\"in loving memory of crissy\" src=\"http:\/\/www.leonberger-kennel.de\/vv_home\/wp-content\/uploads\/2010\/11\/in-loving-memory-of-crissy.jpg\" alt=\"\" width=\"750\" height=\"519\" srcset=\"http:\/\/www.leonberger-kennel.de\/vv_home\/wp-content\/uploads\/2010\/11\/in-loving-memory-of-crissy.jpg 750w, http:\/\/www.leonberger-kennel.de\/vv_home\/wp-content\/uploads\/2010\/11\/in-loving-memory-of-crissy-300x207.jpg 300w\" sizes=\"(max-width: 750px) 100vw, 750px\" \/><\/p>\n<p>Crissy ist unser erster Leonberger, mit ihr begann auch unsere Leo-Sucht.<\/p>\n<p>Sie hat ihren eigenen Kopf und weis, was sie will und wie sie es bekommen kann :o)<\/p>\n<p>Schon als Welpe, war sie \u201eMamas Kind\u201c und so ist es bis heute geblieben. Sie folgt mir auf Schritt und Tritt und weicht mir kaum von der Seite. Die Bindung zwischen uns ist etwas ganz Besonderes!!!!!<\/p>\n<p>Crissy besitzt, ziemlich ausgepr\u00e4gt, das &#8222;will-to-please&#8220; , ob das Obedience oder welche Trick\u00b4s (mein Zirkus Hund) ist sie immer mit volle Freude dabei. Nur Dummyarbeit finden sie bl\u00f6d, und \u00fcberl\u00e4sst das besser unserem Domingo.<\/p>\n<p>&#8230;sie ist einfach mein Baby und ich verdanke ihr sehr, sehr viel !<\/p>\n<p><span style=\"color: #993300;\">Der Platz, den sie hinterlassen hat, wird wohl niemals ein Hund einnehmen k\u00f6nnen!!!<\/span><\/p>\n","protected":false},"excerpt":{"rendered":"<p>Crissy ist unser erster Leonberger, mit ihr begann auch unsere Leo-Sucht. Sie hat ihren eigenen Kopf und weis, was sie will und wie sie es bekommen kann :o) Schon als Welpe, war sie \u201eMamas Kind\u201c und so ist es bis heute geblieben. Sie folgt mir auf Schritt und Tritt und weicht mir kaum von der [&hellip;]<\/p>\n","protected":false},"author":1,"featured_media":0,"parent":224,"menu_order":0,"comment_status":"open","ping_status":"closed","template":"alesya.php","meta":{"ngg_post_thumbnail":0},"_links":{"self":[{"href":"http:\/\/www.leonberger-kennel.de\/vv_home\/wp-json\/wp\/v2\/pages\/992"}],"collection":[{"href":"http:\/\/www.leonberger-kennel.de\/vv_home\/wp-json\/wp\/v2\/pages"}],"about":[{"href":"http:\/\/www.leonberger-kennel.de\/vv_home\/wp-json\/wp\/v2\/types\/page"}],"author":[{"embeddable":true,"href":"http:\/\/www.leonberger-kennel.de\/vv_home\/wp-json\/wp\/v2\/users\/1"}],"replies":[{"embeddable":true,"href":"http:\/\/www.leonberger-kennel.de\/vv_home\/wp-json\/wp\/v2\/comments?post=992"}],"version-history":[{"count":1,"href":"http:\/\/www.leonberger-kennel.de\/vv_home\/wp-json\/wp\/v2\/pages\/992\/revisions"}],"predecessor-version":[{"id":993,"href":"http:\/\/www.leonberger-kennel.de\/vv_home\/wp-json\/wp\/v2\/pages\/992\/revisions\/993"}],"up":[{"embeddable":true,"href":"http:\/\/www.leonberger-kennel.de\/vv_home\/wp-json\/wp\/v2\/pages\/224"}],"wp:attachment":[{"href":"http:\/\/www.leonberger-kennel.de\/vv_home\/wp-json\/wp\/v2\/media?parent=992"}],"curies":[{"name":"wp","href":"https:\/\/api.w.org\/{rel}","templated":true}]}}