{"id":412,"date":"2010-12-17T11:38:50","date_gmt":"2010-12-17T10:38:50","guid":{"rendered":"http:\/\/www.leonberger-kennel.de\/vv_home"},"modified":"2021-09-27T15:14:54","modified_gmt":"2021-09-27T14:14:54","slug":"wurfplanung","status":"publish","type":"page","link":"http:\/\/www.leonberger-kennel.de\/vv_home\/zucht\/wurfplanung","title":{"rendered":"Wurfplanung"},"content":{"rendered":"<p style=\"text-align: center;\"><i>in Moment ist kein Wurf geplant &nbsp;\u2215 &nbsp;No litter planned at the moment<\/p>\n<p><\/i><\/p>\n<p style=\"text-align: center;\">&#8212;&#8212;&#8212;&#8212;&#8212;&#8212;&#8212;&#8212;&#8212;&#8212;&#8212;&#8212;&#8212;&#8212;&#8212;&#8212;<\/p>\n<table class=\"zenter\" style=\"text-align: center; width: 400px; background-color: #808080;\" border=\"0\" cellspacing=\"1\" cellpadding=\"4\" align=\"center\">\n<tbody>\n<tr>\n<td style=\"background-color: #605140;\"><span style=\"color: #ffffff;\">Bitte nehmen Sie mit uns <strong>fr\u00fchzeitig <a href=\"http:\/\/www.leonberger-kennel.de\/vv_home\/kontakt\"><span style=\"background-color: #ffffff;\">Kontakt<\/span><\/a><\/strong> auf, wenn Sie an einem Welpen aus unserer Zucht interessiert sind!!! Uns ist es sehr daran gelegen unsere zuk\u00fcnftigen Welpeninteressenten kennen zu lernen, bevor die Welpen geboren sind. Nicht nur der K\u00e4ufer sucht sich den Z\u00fcchter aus, auch der Z\u00fcchter macht sich ein Bild vom Welpeninteressenten. Wir m\u00f6chten einfach vermeiden, dass unsere &#8220; Baby\u00b4s&#8220; in die falschen H\u00e4nde kommen und am Ende Mensch und Hund ungl\u00fccklich sind.<\/span>&nbsp;<\/p>\n<p><span style=\"color: #ffffff;\"> Auch m\u00f6chten wir &nbsp;nochmals darauf hinweisen, das unsere Baby\u00b4s werden nicht zum Schleuderpreis abgegeben!!!!! Verantwortungsvoll gez\u00fcchtete und aufgezogene Welpen haben ihren Preis, welchen sie auch wert sind.<\/span><\/p>\n<p><span style=\"color: #ffffff;\"> Eine feste Zusage gibt es aber im Interesse unserer Welpen immer erst nach dem pers\u00f6nlichen Kennenlernen!<\/span><\/td>\n<\/tr>\n<\/tbody>\n<\/table>\n<p style=\"text-align: center;\">&#8212;&#8212;&#8212;&#8212;&#8212;&#8212;&#8212;&#8212;&#8212;&#8212;&#8212;&#8212;&#8212;&#8212;&#8212;&#8212;<\/p>\n","protected":false},"excerpt":{"rendered":"<p>in Moment ist kein Wurf geplant &nbsp;\u2215 &nbsp;No litter planned at the moment &#8212;&#8212;&#8212;&#8212;&#8212;&#8212;&#8212;&#8212;&#8212;&#8212;&#8212;&#8212;&#8212;&#8212;&#8212;&#8212; Bitte nehmen Sie mit uns fr\u00fchzeitig Kontakt auf, wenn Sie an einem Welpen aus unserer Zucht interessiert sind!!! Uns ist es sehr daran gelegen unsere zuk\u00fcnftigen Welpeninteressenten kennen zu lernen, bevor die Welpen geboren sind. Nicht nur der K\u00e4ufer sucht sich [&hellip;]<\/p>\n","protected":false},"author":1,"featured_media":0,"parent":82,"menu_order":0,"comment_status":"closed","ping_status":"closed","template":"alesya.php","meta":{"ngg_post_thumbnail":0},"_links":{"self":[{"href":"http:\/\/www.leonberger-kennel.de\/vv_home\/wp-json\/wp\/v2\/pages\/412"}],"collection":[{"href":"http:\/\/www.leonberger-kennel.de\/vv_home\/wp-json\/wp\/v2\/pages"}],"about":[{"href":"http:\/\/www.leonberger-kennel.de\/vv_home\/wp-json\/wp\/v2\/types\/page"}],"author":[{"embeddable":true,"href":"http:\/\/www.leonberger-kennel.de\/vv_home\/wp-json\/wp\/v2\/users\/1"}],"replies":[{"embeddable":true,"href":"http:\/\/www.leonberger-kennel.de\/vv_home\/wp-json\/wp\/v2\/comments?post=412"}],"version-history":[{"count":72,"href":"http:\/\/www.leonberger-kennel.de\/vv_home\/wp-json\/wp\/v2\/pages\/412\/revisions"}],"predecessor-version":[{"id":2229,"href":"http:\/\/www.leonberger-kennel.de\/vv_home\/wp-json\/wp\/v2\/pages\/412\/revisions\/2229"}],"up":[{"embeddable":true,"href":"http:\/\/www.leonberger-kennel.de\/vv_home\/wp-json\/wp\/v2\/pages\/82"}],"wp:attachment":[{"href":"http:\/\/www.leonberger-kennel.de\/vv_home\/wp-json\/wp\/v2\/media?parent=412"}],"curies":[{"name":"wp","href":"https:\/\/api.w.org\/{rel}","templated":true}]}}