{"id":35,"date":"2008-04-22T17:21:38","date_gmt":"2008-04-22T15:21:38","guid":{"rendered":"http:\/\/www.leonberger-kennel.de\/wordpress\/?page_id=35"},"modified":"2011-02-22T18:21:02","modified_gmt":"2011-02-22T17:21:02","slug":"was-kostet-nun-so-ein-leonberger-eigentlich%e2%80%a6","status":"publish","type":"page","link":"http:\/\/www.leonberger-kennel.de\/vv_home\/eine-seite\/was-kostet-nun-so-ein-leonberger-eigentlich%e2%80%a6","title":{"rendered":"Was kostet nun so ein Leonberger eigentlich\u2026 ??"},"content":{"rendered":"<p style=\"text-align: center;\">Das ist die Frage, die jedem Interessenten auf der Seele liegt und jedem<br \/>\nZ\u00fcchter zu tiefen Seufzern veranlasst. Um die Frage aller Fragen ein<br \/>\nwenig zu erl\u00e4utern, wurde folgende Aufstellung ausgearbeitet\u2026(Grob):<\/p>\n<p style=\"text-align: center;\">&#8211; Niedlicher Leo R\u00fcde mit Knopfaugen, vom Z\u00fcchter fachgerecht<br \/>\naufgezogen, einfach zum Verlieben: ca. 1100 EUR<br \/>\n&#8211; Halsband, Leine, N\u00e4pfe und Welpenspielzeug: 100 EUR<br \/>\n&#8211; Tierarztkosten f\u00fcr Nachimpfungen und Entwurmen: 75 EUR<br \/>\n&#8211; Haftpflichtversicherung: 60 EUR<br \/>\n&#8211; Futter f\u00fcr ein Jahr(f\u00fcr ein Leo) 1200 EUR<br \/>\n\u2014\u2014\u2014\u2014\u2014\u2014\u2014\u2014\u2014\u2014\u2014\u2014<br \/>\nZwischensumme: 2535 EUR<\/p>\n<p style=\"text-align: center;\">&#8211; In der ersten Nacht drei Paar zerkaute Herrensocken und ein<br \/>\nDamendessous: 80 EUR<br \/>\n&#8211; In der 2. Nacht schl\u00e4ft der Welpe nicht mehr im Schlafzimmer, sondern<br \/>\nim Flur: Restaurierung des angekauten und vollgepieselten<br \/>\nPerserteppichs: 600 EUR<br \/>\n&#8211; F\u00fcr die dritte Nacht muss eine Hundebox her\u2026 : 150 EUR<br \/>\n&#8211; Auf dem Parkplatz der Hundeschule den Welpen 5 Minuten allein im Auto<br \/>\ngelassen. Sicherheitsgurt austauschen und den Schaltkn\u00fcppel ersetzen<br \/>\nlassen: 400 EUR<br \/>\n&#8211; Eine Transportbox f\u00fcrs Auto kaufen, weil die Erste nicht in den<br \/>\nKofferraum passt: 150 EUR<br \/>\n&#8211; Gr\u00f6\u00dferes Halsband, zerkaute Lederleine durch Nylon ersetzen, neues<br \/>\nSpielzeug und jede Menge Kauknochen: 150 EUR<br \/>\n&#8211; Gartenzaun erh\u00f6hen, Bordstein setzen gegen die Untertunnelungsversuche<br \/>\ndes hochbegabten kleinen Tiefbauingenieurs: 2500 EUR<br \/>\n&#8211; Der Landwirt vom Dorfrand muss seinen Weidezaun wieder aufrichten,<br \/>\ndenn unser Liebling hat seine Instinkte an der Jungbullenherde erprobt:<br \/>\n1000 EUR<br \/>\n&#8211; Eine Runde Freibier f\u00fcr die Helfer der freiwilligen Feuerwehr, die die<br \/>\nBullen auf der Bundesstrasse eingefangen haben: 250 EUR<br \/>\n&#8211; Du m\u00f6chtest einen zweiten Leonberger, denn die Hundeschule mit zwei Hunden<br \/>\nist ungleich interessanter (Halsband, Tierarzt etc.): 1200 EUR<br \/>\n&#8211; Anwalts und Gerichtkosten f\u00fcr den Prozess gegen die Nachbarn: 4000 EUR<\/p>\n<p style=\"text-align: center;\">&#8211; Spende an den \u00f6rtlichen Tierschutzverein, wegen ausge\u00fcbter Nachsicht<br \/>\ntrotz vors\u00e4tzlicher Qu\u00e4lerei von Klauentieren: 250 EUR<br \/>\n&#8211; Am besten kaufst Du gleich einen Resthof auf dem Land, dann kannst Du<br \/>\nauch endlich mehrere Leonberger halten und selbst z\u00fcchten: 200.000 EUR<br \/>\n&#8211; J\u00e4hrliche Reisekosten f\u00fcr die Teilnahme an Hundeschule, Begleithundepr\u00fcfung, Seminare , K\u00f6rung und Hundeausstellungen am Ende der Welt: 6000 EUR<br \/>\n&#8211; Campingfahrzeug mit Platz f\u00fcr mindestens vier Hunde, damit das Reisen<br \/>\nendlich billiger wird: 18000 EUR<br \/>\n\u2014\u2014\u2014\u2014\u2014\u2014\u2014\u2014-<br \/>\nEndsumme: 237.265 EUR<\/p>\n<p style=\"text-align: center;\">Die vorliegende Aufstellung beruft sich auf Erfahrungswerte. Der Preis<br \/>\nf\u00fcr einen Hund ist nach oben unbegrenzt. Obwohl sich finanzielle<br \/>\nProbleme wegen gr\u00f6\u00dferer Urlaubsreisen, anspruchsvollen Ehepartnern oder<br \/>\nDaueraufenthalten der Schwiegermutter durch die Hund(e)-Haltung meist von<br \/>\nselbst erledigt, ist diese Hunderasse somit den Privilegierten<br \/>\nvorbehalten.<\/p>\n<p style=\"text-align: center;\">Denk daran, wenn dir auf dem n\u00e4chsten Spaziergang ein Dreck bespritzter<br \/>\nMensch in Gummistiefeln und sechs \u201egold-braun\u201c Hunden (ohne Leine) im<br \/>\nSchlepptau begegnet \u2013 es handelt sich nicht um einen Asozialen, sondern<br \/>\nmindestens um den Filialleiter der \u00f6rtlichen Sparkasse.<\/p>\n<p style=\"text-align: center;\">Der wird Dich beim Gespr\u00e4ch unter vier Augen, l\u00e4chelnd \u00fcber die Ausz\u00fcge<br \/>\nDeines gesperrten Girokontos gebeugt, fragen: \u201eJa, wussten Sie denn<br \/>\nnicht, was so ein Leonberger kostet??\u201c<\/p>\n<p>LG Alesya &amp; Bande<\/p>\n","protected":false},"excerpt":{"rendered":"<p>Das ist die Frage, die jedem Interessenten auf der Seele liegt und jedem Z\u00fcchter zu tiefen Seufzern veranlasst. Um die Frage aller Fragen ein wenig zu erl\u00e4utern, wurde folgende Aufstellung ausgearbeitet\u2026(Grob): &#8211; Niedlicher Leo R\u00fcde mit Knopfaugen, vom Z\u00fcchter fachgerecht aufgezogen, einfach zum Verlieben: ca. 1100 EUR &#8211; Halsband, Leine, N\u00e4pfe und Welpenspielzeug: 100 EUR [&hellip;]<\/p>\n","protected":false},"author":1,"featured_media":0,"parent":2,"menu_order":0,"comment_status":"closed","ping_status":"closed","template":"alesya.php","meta":{"ngg_post_thumbnail":0},"_links":{"self":[{"href":"http:\/\/www.leonberger-kennel.de\/vv_home\/wp-json\/wp\/v2\/pages\/35"}],"collection":[{"href":"http:\/\/www.leonberger-kennel.de\/vv_home\/wp-json\/wp\/v2\/pages"}],"about":[{"href":"http:\/\/www.leonberger-kennel.de\/vv_home\/wp-json\/wp\/v2\/types\/page"}],"author":[{"embeddable":true,"href":"http:\/\/www.leonberger-kennel.de\/vv_home\/wp-json\/wp\/v2\/users\/1"}],"replies":[{"embeddable":true,"href":"http:\/\/www.leonberger-kennel.de\/vv_home\/wp-json\/wp\/v2\/comments?post=35"}],"version-history":[{"count":4,"href":"http:\/\/www.leonberger-kennel.de\/vv_home\/wp-json\/wp\/v2\/pages\/35\/revisions"}],"predecessor-version":[{"id":161,"href":"http:\/\/www.leonberger-kennel.de\/vv_home\/wp-json\/wp\/v2\/pages\/35\/revisions\/161"}],"up":[{"embeddable":true,"href":"http:\/\/www.leonberger-kennel.de\/vv_home\/wp-json\/wp\/v2\/pages\/2"}],"wp:attachment":[{"href":"http:\/\/www.leonberger-kennel.de\/vv_home\/wp-json\/wp\/v2\/media?parent=35"}],"curies":[{"name":"wp","href":"https:\/\/api.w.org\/{rel}","templated":true}]}}